{"id":8029,"date":"2022-01-05T09:12:14","date_gmt":"2022-01-05T09:12:14","guid":{"rendered":"https:\/\/sysadvance.com\/contactos\/"},"modified":"2025-08-01T08:39:00","modified_gmt":"2025-08-01T08:39:00","slug":"contactos","status":"publish","type":"page","link":"https:\/\/sysadvance.com\/pt-pt\/contactos\/","title":{"rendered":"CONTACTS"},"content":{"rendered":"\t\t<div data-elementor-type=\"wp-page\" data-elementor-id=\"8029\" class=\"elementor elementor-8029 elementor-813\" data-elementor-post-type=\"page\">\n\t\t\t\t\t\t<section class=\"elementor-section elementor-top-section elementor-element elementor-element-9f37b9f elementor-section-boxed elementor-section-height-default elementor-section-height-default\" data-id=\"9f37b9f\" data-element_type=\"section\">\n\t\t\t\t\t\t<div class=\"elementor-container elementor-column-gap-default\">\n\t\t\t\t\t<div class=\"elementor-column elementor-col-50 elementor-top-column elementor-element elementor-element-1f8cdb62\" data-id=\"1f8cdb62\" data-element_type=\"column\">\n\t\t\t<div class=\"elementor-widget-wrap elementor-element-populated\">\n\t\t\t\t\t\t<div class=\"elementor-element elementor-element-0e645ca elementor-widget elementor-widget-image\" data-id=\"0e645ca\" data-element_type=\"widget\" data-widget_type=\"image.default\">\n\t\t\t\t<div class=\"elementor-widget-container\">\n\t\t\t\t\t\t\t\t\t\t\t\t\t<img decoding=\"async\" width=\"168\" height=\"70\" src=\"https:\/\/sysadvance.com\/wp-content\/uploads\/2021\/11\/Logo-Sysadvance.svg\" class=\"attachment-large size-large wp-image-5399\" alt=\"\" \/>\t\t\t\t\t\t\t\t\t\t\t\t\t<\/div>\n\t\t\t\t<\/div>\n\t\t\t\t<div class=\"elementor-element elementor-element-5d70a242 elementor-vertical-align-middle elementor-widget elementor-widget-icon-box\" data-id=\"5d70a242\" data-element_type=\"widget\" data-widget_type=\"icon-box.default\">\n\t\t\t\t<div class=\"elementor-widget-container\">\n\t\t\t\t\t<div class=\"elementor-icon-box-wrapper\">\n\n\t\t\t\n\t\t\t\t\t\t<div class=\"elementor-icon-box-content\">\n\n\t\t\t\t\t\t\t\t\t<h3 class=\"elementor-icon-box-title\">\n\t\t\t\t\t\t<span  >\n\t\t\t\t\t\t\tT (+351) 252 143 670 (Chamada p\/ rede fixa nacional)\t\t\t\t\t\t<\/span>\n\t\t\t\t\t<\/h3>\n\t\t\t\t\n\t\t\t\t\t\t\t\t\t<p class=\"elementor-icon-box-description\">\n\t\t\t\t\t\t \t\t\t\t\t<\/p>\n\t\t\t\t\n\t\t\t<\/div>\n\t\t\t\n\t\t<\/div>\n\t\t\t\t<\/div>\n\t\t\t\t<\/div>\n\t\t\t\t<div class=\"elementor-element elementor-element-439212ae elementor-vertical-align-middle elementor-widget elementor-widget-icon-box\" data-id=\"439212ae\" data-element_type=\"widget\" data-widget_type=\"icon-box.default\">\n\t\t\t\t<div class=\"elementor-widget-container\">\n\t\t\t\t\t<div class=\"elementor-icon-box-wrapper\">\n\n\t\t\t\n\t\t\t\t\t\t<div class=\"elementor-icon-box-content\">\n\n\t\t\t\t\t\t\t\t\t<h3 class=\"elementor-icon-box-title\">\n\t\t\t\t\t\t<span  >\n\t\t\t\t\t\t\tRua Comendador Brand\u00e3o, 461 <br>4495-375 P\u00f3voa de Varzim - Portugal\t\t\t\t\t\t<\/span>\n\t\t\t\t\t<\/h3>\n\t\t\t\t\n\t\t\t\t\n\t\t\t<\/div>\n\t\t\t\n\t\t<\/div>\n\t\t\t\t<\/div>\n\t\t\t\t<\/div>\n\t\t\t\t\t<\/div>\n\t\t<\/div>\n\t\t\t\t<div class=\"elementor-column elementor-col-50 elementor-top-column elementor-element elementor-element-4e681c9 elementor-invisible\" data-id=\"4e681c9\" data-element_type=\"column\" data-settings=\"{&quot;background_background&quot;:&quot;classic&quot;,&quot;motion_fx_motion_fx_scrolling&quot;:&quot;yes&quot;,&quot;motion_fx_translateY_effect&quot;:&quot;yes&quot;,&quot;motion_fx_translateY_direction&quot;:&quot;negative&quot;,&quot;motion_fx_translateY_speed&quot;:{&quot;unit&quot;:&quot;px&quot;,&quot;size&quot;:&quot;1&quot;,&quot;sizes&quot;:[]},&quot;motion_fx_devices&quot;:[&quot;desktop&quot;,&quot;tablet&quot;],&quot;animation&quot;:&quot;fadeIn&quot;,&quot;motion_fx_translateY_affectedRange&quot;:{&quot;unit&quot;:&quot;%&quot;,&quot;size&quot;:&quot;&quot;,&quot;sizes&quot;:{&quot;start&quot;:0,&quot;end&quot;:100}}}\">\n\t\t\t<div class=\"elementor-widget-wrap elementor-element-populated\">\n\t\t\t\t\t\t<div class=\"elementor-element elementor-element-4df58a6 elementor-widget elementor-widget-heading\" data-id=\"4df58a6\" data-element_type=\"widget\" data-widget_type=\"heading.default\">\n\t\t\t\t<div class=\"elementor-widget-container\">\n\t\t\t<h2 class=\"elementor-heading-title elementor-size-default\">Pedido de Or\u00e7amento<\/h2>\t\t<\/div>\n\t\t\t\t<\/div>\n\t\t\t\t<div class=\"elementor-element elementor-element-113389c elementor-button-align-center elementor-widget elementor-widget-form\" data-id=\"113389c\" data-element_type=\"widget\" data-settings=\"{&quot;step_next_label&quot;:&quot;Pr\\u00f3ximo&quot;,&quot;step_previous_label&quot;:&quot;Anterior&quot;,&quot;button_width&quot;:&quot;100&quot;,&quot;step_type&quot;:&quot;number_text&quot;,&quot;step_icon_shape&quot;:&quot;circle&quot;}\" data-widget_type=\"form.default\">\n\t\t\t\t<div class=\"elementor-widget-container\">\n\t\t\t\t\t<form class=\"elementor-form\" method=\"post\" id=\"Az2024donc\" name=\"Contactos - Sysadvance\">\n\t\t\t<input type=\"hidden\" name=\"post_id\" value=\"8029\"\/>\n\t\t\t<input type=\"hidden\" name=\"form_id\" value=\"113389c\"\/>\n\t\t\t<input type=\"hidden\" name=\"referer_title\" value=\"Sysadvance\" \/>\n\n\t\t\t\n\t\t\t<div class=\"elementor-form-fields-wrapper elementor-labels-above\">\n\t\t\t\t\t\t\t\t<div class=\"elementor-field-type-text elementor-field-group elementor-column elementor-field-group-name elementor-col-50 elementor-field-required elementor-mark-required\">\n\t\t\t\t\t\t\t\t\t\t\t\t<label for=\"form-field-name\" class=\"elementor-field-label\">\n\t\t\t\t\t\t\t\tNome\t\t\t\t\t\t\t<\/label>\n\t\t\t\t\t\t\t\t\t\t\t\t\t\t<input size=\"1\" type=\"text\" name=\"form_fields[name]\" id=\"form-field-name\" class=\"elementor-field elementor-size-md  elementor-field-textual\" placeholder=\"Nome\" required=\"required\" aria-required=\"true\">\n\t\t\t\t\t\t\t\t\t\t\t<\/div>\n\t\t\t\t\t\t\t\t<div class=\"elementor-field-type-text elementor-field-group elementor-column elementor-field-group-email elementor-col-50 elementor-field-required elementor-mark-required\">\n\t\t\t\t\t\t\t\t\t\t\t\t<label for=\"form-field-email\" class=\"elementor-field-label\">\n\t\t\t\t\t\t\t\tEmpresa\t\t\t\t\t\t\t<\/label>\n\t\t\t\t\t\t\t\t\t\t\t\t\t\t<input size=\"1\" type=\"text\" name=\"form_fields[email]\" id=\"form-field-email\" class=\"elementor-field elementor-size-md  elementor-field-textual\" placeholder=\"Empresa\" required=\"required\" aria-required=\"true\">\n\t\t\t\t\t\t\t\t\t\t\t<\/div>\n\t\t\t\t\t\t\t\t<div class=\"elementor-field-type-email elementor-field-group elementor-column elementor-field-group-field_1 elementor-col-50 elementor-field-required elementor-mark-required\">\n\t\t\t\t\t\t\t\t\t\t\t\t<label for=\"form-field-field_1\" class=\"elementor-field-label\">\n\t\t\t\t\t\t\t\tE-mail\t\t\t\t\t\t\t<\/label>\n\t\t\t\t\t\t\t\t\t\t\t\t\t\t<input size=\"1\" type=\"email\" name=\"form_fields[field_1]\" id=\"form-field-field_1\" class=\"elementor-field elementor-size-md  elementor-field-textual\" placeholder=\"E-mail\" required=\"required\" aria-required=\"true\">\n\t\t\t\t\t\t\t\t\t\t\t<\/div>\n\t\t\t\t\t\t\t\t<div class=\"elementor-field-type-tel elementor-field-group elementor-column elementor-field-group-field_f4f2606 elementor-col-50 elementor-field-required elementor-mark-required\">\n\t\t\t\t\t\t\t\t\t\t\t\t<label for=\"form-field-field_f4f2606\" class=\"elementor-field-label\">\n\t\t\t\t\t\t\t\tTelem\u00f3vel\t\t\t\t\t\t\t<\/label>\n\t\t\t\t\t\t\t\t<input size=\"1\" type=\"tel\" name=\"form_fields[field_f4f2606]\" id=\"form-field-field_f4f2606\" class=\"elementor-field elementor-size-md  elementor-field-textual\" placeholder=\"Telem\u00f3vel\" required=\"required\" aria-required=\"true\" pattern=\"[0-9()#&amp;+*-=.]+\" title=\"Only numbers and phone characters (#, -, *, etc) are accepted.\">\n\n\t\t\t\t\t\t<\/div>\n\t\t\t\t\t\t\t\t<div class=\"elementor-field-type-text elementor-field-group elementor-column elementor-field-group-field_aee2d9a elementor-col-100 elementor-field-required elementor-mark-required\">\n\t\t\t\t\t\t\t\t\t\t\t\t<label for=\"form-field-field_aee2d9a\" class=\"elementor-field-label\">\n\t\t\t\t\t\t\t\tAssunto\t\t\t\t\t\t\t<\/label>\n\t\t\t\t\t\t\t\t\t\t\t\t\t\t<input size=\"1\" type=\"text\" name=\"form_fields[field_aee2d9a]\" id=\"form-field-field_aee2d9a\" class=\"elementor-field elementor-size-md  elementor-field-textual\" placeholder=\"Assunto\" required=\"required\" aria-required=\"true\">\n\t\t\t\t\t\t\t\t\t\t\t<\/div>\n\t\t\t\t\t\t\t\t<div class=\"elementor-field-type-radio elementor-field-group elementor-column elementor-field-group-field_59bd074 elementor-col-100 elementor-field-required elementor-mark-required\">\n\t\t\t\t\t\t\t\t\t\t\t\t<label for=\"form-field-field_59bd074\" class=\"elementor-field-label\">\n\t\t\t\t\t\t\t\tAreas\t\t\t\t\t\t\t<\/label>\n\t\t\t\t\t\t<div class=\"elementor-field-subgroup  elementor-subgroup-inline\"><span class=\"elementor-field-option\"><input type=\"radio\" value=\"sales.industry@sysadvance.com\" id=\"form-field-field_59bd074-0\" name=\"form_fields[field_59bd074]\" required=\"required\" aria-required=\"true\"> <label for=\"form-field-field_59bd074-0\">Industrial<\/label><\/span><span class=\"elementor-field-option\"><input type=\"radio\" value=\"sales.medical@sysadvance.com\" id=\"form-field-field_59bd074-1\" name=\"form_fields[field_59bd074]\" required=\"required\" aria-required=\"true\"> <label for=\"form-field-field_59bd074-1\">M\u00e9dico<\/label><\/span><span class=\"elementor-field-option\"><input type=\"radio\" value=\"sales.energy@sysadvance.com\" id=\"form-field-field_59bd074-2\" name=\"form_fields[field_59bd074]\" required=\"required\" aria-required=\"true\"> <label for=\"form-field-field_59bd074-2\">Energia<\/label><\/span><\/div>\t\t\t\t<\/div>\n\t\t\t\t\t\t\t\t<div class=\"elementor-field-type-textarea elementor-field-group elementor-column elementor-field-group-message elementor-col-100\">\n\t\t\t\t\t\t\t\t\t\t\t\t<label for=\"form-field-message\" class=\"elementor-field-label\">\n\t\t\t\t\t\t\t\tMensagem\t\t\t\t\t\t\t<\/label>\n\t\t\t\t\t\t<textarea class=\"elementor-field-textual elementor-field  elementor-size-md\" name=\"form_fields[message]\" id=\"form-field-message\" rows=\"4\" placeholder=\"Escreva aqui o seu texto...\"><\/textarea>\t\t\t\t<\/div>\n\t\t\t\t\t\t\t\t<div class=\"elementor-field-type-acceptance elementor-field-group elementor-column elementor-field-group-field_3c05ed8 elementor-col-100 elementor-field-required elementor-mark-required\">\n\t\t\t\t\t\t\t<div class=\"elementor-field-subgroup\">\n\t\t\t<span class=\"elementor-field-option\">\n\t\t\t\t<input type=\"checkbox\" name=\"form_fields[field_3c05ed8]\" id=\"form-field-field_3c05ed8\" class=\"elementor-field elementor-size-md  elementor-acceptance-field\" required=\"required\" aria-required=\"true\">\n\t\t\t\t<label for=\"form-field-field_3c05ed8\"><span style=\"font-size:12px\">Este site \u00e9 protegido pela reCAPTCHA e aplicam-se a <a href=\"https:\/\/policies.google.com\/privacy\">Pol\u00edtica de Privacidade<\/a> e os <a href=\"https:\/\/policies.google.com\/terms\">Termos de Servi\u00e7o<\/a> do Google.<\/span><\/label>\t\t\t<\/span>\n\t\t<\/div>\n\t\t\t\t\t\t<\/div>\n\t\t\t\t\t\t\t\t<div class=\"elementor-field-type-recaptcha_v3 elementor-field-group elementor-column elementor-field-group-field_ce5affb elementor-col-100 recaptcha_v3-inline\">\n\t\t\t\t\t<div class=\"elementor-field\" id=\"form-field-field_ce5affb\"><div class=\"elementor-g-recaptcha\" data-sitekey=\"6LfljA0fAAAAADYRAkJFH1xlJKG-PLz7FxME-hlG\" data-type=\"v3\" data-action=\"Form\" data-badge=\"inline\" data-size=\"invisible\"><\/div><\/div>\t\t\t\t<\/div>\n\t\t\t\t\t\t\t\t<div class=\"elementor-field-group elementor-column elementor-field-type-submit elementor-col-100 e-form__buttons\">\n\t\t\t\t\t<button class=\"elementor-button elementor-size-md\" type=\"submit\">\n\t\t\t\t\t\t<span class=\"elementor-button-content-wrapper\">\n\t\t\t\t\t\t\t\t\t\t\t\t\t\t\t<span class=\"elementor-button-icon\">\n\t\t\t\t\t\t\t\t\t\t\t\t\t\t\t\t\t\t\t\t\t\t\t\t\t\t<\/span>\n\t\t\t\t\t\t\t\t\t\t\t\t\t\t\t\t\t\t\t\t\t\t<span class=\"elementor-button-text\">ENVIAR<\/span>\n\t\t\t\t\t\t\t\t\t\t\t\t\t<\/span>\n\t\t\t\t\t<\/button>\n\t\t\t\t<\/div>\n\t\t\t<\/div>\n\t\t<\/form>\n\t\t\t\t<\/div>\n\t\t\t\t<\/div>\n\t\t\t\t\t<\/div>\n\t\t<\/div>\n\t\t\t\t\t<\/div>\n\t\t<\/section>\n\t\t\t\t<section class=\"elementor-section elementor-top-section elementor-element elementor-element-700b14c elementor-section-full_width elementor-section-height-default elementor-section-height-default\" data-id=\"700b14c\" data-element_type=\"section\">\n\t\t\t\t\t\t<div class=\"elementor-container elementor-column-gap-default\">\n\t\t\t\t\t<div class=\"elementor-column elementor-col-100 elementor-top-column elementor-element elementor-element-b1aa80c\" data-id=\"b1aa80c\" data-element_type=\"column\">\n\t\t\t<div class=\"elementor-widget-wrap elementor-element-populated\">\n\t\t\t\t\t\t<div class=\"elementor-element elementor-element-abd1095 elementor-widget__width-initial elementor-absolute elementor-widget elementor-widget-image\" data-id=\"abd1095\" data-element_type=\"widget\" data-settings=\"{&quot;_position&quot;:&quot;absolute&quot;}\" data-widget_type=\"image.default\">\n\t\t\t\t<div class=\"elementor-widget-container\">\n\t\t\t\t\t\t\t\t\t\t\t\t\t<img fetchpriority=\"high\" decoding=\"async\" width=\"934\" height=\"1158\" src=\"https:\/\/sysadvance.com\/wp-content\/uploads\/2022\/01\/Grupo-de-mascara-1.png\" class=\"attachment-2048x2048 size-2048x2048 wp-image-5411\" alt=\"\" srcset=\"https:\/\/sysadvance.com\/wp-content\/uploads\/2022\/01\/Grupo-de-mascara-1.png 934w, https:\/\/sysadvance.com\/wp-content\/uploads\/2022\/01\/Grupo-de-mascara-1-242x300.png 242w, https:\/\/sysadvance.com\/wp-content\/uploads\/2022\/01\/Grupo-de-mascara-1-826x1024.png 826w, https:\/\/sysadvance.com\/wp-content\/uploads\/2022\/01\/Grupo-de-mascara-1-768x952.png 768w\" sizes=\"(max-width: 934px) 100vw, 934px\" \/>\t\t\t\t\t\t\t\t\t\t\t\t\t<\/div>\n\t\t\t\t<\/div>\n\t\t\t\t\t<\/div>\n\t\t<\/div>\n\t\t\t\t\t<\/div>\n\t\t<\/section>\n\t\t\t\t<\/div>\n\t\t","protected":false},"excerpt":{"rendered":"<p>T (+351) 252 143 670 (Chamada p\/ rede fixa nacional) Rua Comendador Brand\u00e3o, 461 4495-375 P\u00f3voa de Varzim &#8211; Portugal Pedido de Or\u00e7amento<\/p>\n","protected":false},"author":2,"featured_media":0,"parent":0,"menu_order":0,"comment_status":"closed","ping_status":"closed","template":"elementor_header_footer","meta":{"footnotes":""},"class_list":["post-8029","page","type-page","status-publish","hentry"],"yoast_head":"<!-- This site is optimized with the Yoast SEO plugin v26.1 - https:\/\/yoast.com\/wordpress\/plugins\/seo\/ -->\n<title>CONTACTS - Sysadvance<\/title>\n<meta name=\"description\" content=\"SYSADVANCE is a manufacturer of Oxygen generators PSA and VSA, Nitrogen generators, Biogas purifiers, Helium purifiers.\" \/>\n<meta name=\"robots\" content=\"index, follow, max-snippet:-1, max-image-preview:large, max-video-preview:-1\" \/>\n<link rel=\"canonical\" href=\"https:\/\/sysadvance.com\/pt-pt\/contactos\/\" \/>\n<meta property=\"og:locale\" content=\"pt_PT\" \/>\n<meta property=\"og:type\" content=\"article\" \/>\n<meta property=\"og:title\" content=\"CONTACTS - Sysadvance\" \/>\n<meta property=\"og:description\" content=\"SYSADVANCE is a manufacturer of Oxygen generators PSA and VSA, Nitrogen generators, Biogas purifiers, Helium purifiers.\" \/>\n<meta property=\"og:url\" content=\"https:\/\/sysadvance.com\/pt-pt\/contactos\/\" \/>\n<meta property=\"og:site_name\" content=\"Sysadvance\" \/>\n<meta property=\"article:modified_time\" content=\"2025-08-01T08:39:00+00:00\" \/>\n<meta property=\"og:image\" content=\"https:\/\/sysadvance.com\/wp-content\/uploads\/2021\/11\/Logo-Sysadvance.svg\" \/>\n<meta name=\"twitter:card\" content=\"summary_large_image\" \/>\n<meta name=\"twitter:label1\" content=\"Tempo estimado de leitura\" \/>\n\t<meta name=\"twitter:data1\" content=\"1 minuto\" \/>\n<script type=\"application\/ld+json\" class=\"yoast-schema-graph\">{\"@context\":\"https:\/\/schema.org\",\"@graph\":[{\"@type\":\"WebPage\",\"@id\":\"https:\/\/sysadvance.com\/pt-pt\/contactos\/\",\"url\":\"https:\/\/sysadvance.com\/pt-pt\/contactos\/\",\"name\":\"CONTACTS - Sysadvance\",\"isPartOf\":{\"@id\":\"https:\/\/sysadvance.com\/pt-pt\/#website\"},\"primaryImageOfPage\":{\"@id\":\"https:\/\/sysadvance.com\/pt-pt\/contactos\/#primaryimage\"},\"image\":{\"@id\":\"https:\/\/sysadvance.com\/pt-pt\/contactos\/#primaryimage\"},\"thumbnailUrl\":\"https:\/\/sysadvance.com\/wp-content\/uploads\/2021\/11\/Logo-Sysadvance.svg\",\"datePublished\":\"2022-01-05T09:12:14+00:00\",\"dateModified\":\"2025-08-01T08:39:00+00:00\",\"description\":\"SYSADVANCE is a manufacturer of Oxygen generators PSA and VSA, Nitrogen generators, Biogas purifiers, Helium purifiers.\",\"breadcrumb\":{\"@id\":\"https:\/\/sysadvance.com\/pt-pt\/contactos\/#breadcrumb\"},\"inLanguage\":\"pt-PT\",\"potentialAction\":[{\"@type\":\"ReadAction\",\"target\":[\"https:\/\/sysadvance.com\/pt-pt\/contactos\/\"]}]},{\"@type\":\"ImageObject\",\"inLanguage\":\"pt-PT\",\"@id\":\"https:\/\/sysadvance.com\/pt-pt\/contactos\/#primaryimage\",\"url\":\"https:\/\/sysadvance.com\/wp-content\/uploads\/2021\/11\/Logo-Sysadvance.svg\",\"contentUrl\":\"https:\/\/sysadvance.com\/wp-content\/uploads\/2021\/11\/Logo-Sysadvance.svg\"},{\"@type\":\"BreadcrumbList\",\"@id\":\"https:\/\/sysadvance.com\/pt-pt\/contactos\/#breadcrumb\",\"itemListElement\":[{\"@type\":\"ListItem\",\"position\":1,\"name\":\"Home\",\"item\":\"https:\/\/sysadvance.com\/pt-pt\/\"},{\"@type\":\"ListItem\",\"position\":2,\"name\":\"CONTACTS\"}]},{\"@type\":\"WebSite\",\"@id\":\"https:\/\/sysadvance.com\/pt-pt\/#website\",\"url\":\"https:\/\/sysadvance.com\/pt-pt\/\",\"name\":\"Sysadvance\",\"description\":\"Oxygen, Nitrogen and Nitrogen Generators\",\"publisher\":{\"@id\":\"https:\/\/sysadvance.com\/pt-pt\/#organization\"},\"potentialAction\":[{\"@type\":\"SearchAction\",\"target\":{\"@type\":\"EntryPoint\",\"urlTemplate\":\"https:\/\/sysadvance.com\/pt-pt\/?s={search_term_string}\"},\"query-input\":{\"@type\":\"PropertyValueSpecification\",\"valueRequired\":true,\"valueName\":\"search_term_string\"}}],\"inLanguage\":\"pt-PT\"},{\"@type\":\"Organization\",\"@id\":\"https:\/\/sysadvance.com\/pt-pt\/#organization\",\"name\":\"Sysadvance\",\"url\":\"https:\/\/sysadvance.com\/pt-pt\/\",\"logo\":{\"@type\":\"ImageObject\",\"inLanguage\":\"pt-PT\",\"@id\":\"https:\/\/sysadvance.com\/pt-pt\/#\/schema\/logo\/image\/\",\"url\":\"https:\/\/sysadvance.com\/wp-content\/uploads\/2021\/11\/Logo-Sysadvance.svg\",\"contentUrl\":\"https:\/\/sysadvance.com\/wp-content\/uploads\/2021\/11\/Logo-Sysadvance.svg\",\"width\":168,\"height\":70,\"caption\":\"Sysadvance\"},\"image\":{\"@id\":\"https:\/\/sysadvance.com\/pt-pt\/#\/schema\/logo\/image\/\"}}]}<\/script>\n<!-- \/ Yoast SEO plugin. -->","yoast_head_json":{"title":"CONTACTS - Sysadvance","description":"SYSADVANCE is a manufacturer of Oxygen generators PSA and VSA, Nitrogen generators, Biogas purifiers, Helium purifiers.","robots":{"index":"index","follow":"follow","max-snippet":"max-snippet:-1","max-image-preview":"max-image-preview:large","max-video-preview":"max-video-preview:-1"},"canonical":"https:\/\/sysadvance.com\/pt-pt\/contactos\/","og_locale":"pt_PT","og_type":"article","og_title":"CONTACTS - Sysadvance","og_description":"SYSADVANCE is a manufacturer of Oxygen generators PSA and VSA, Nitrogen generators, Biogas purifiers, Helium purifiers.","og_url":"https:\/\/sysadvance.com\/pt-pt\/contactos\/","og_site_name":"Sysadvance","article_modified_time":"2025-08-01T08:39:00+00:00","og_image":[{"url":"https:\/\/sysadvance.com\/wp-content\/uploads\/2021\/11\/Logo-Sysadvance.svg","type":"","width":"","height":""}],"twitter_card":"summary_large_image","twitter_misc":{"Tempo estimado de leitura":"1 minuto"},"schema":{"@context":"https:\/\/schema.org","@graph":[{"@type":"WebPage","@id":"https:\/\/sysadvance.com\/pt-pt\/contactos\/","url":"https:\/\/sysadvance.com\/pt-pt\/contactos\/","name":"CONTACTS - Sysadvance","isPartOf":{"@id":"https:\/\/sysadvance.com\/pt-pt\/#website"},"primaryImageOfPage":{"@id":"https:\/\/sysadvance.com\/pt-pt\/contactos\/#primaryimage"},"image":{"@id":"https:\/\/sysadvance.com\/pt-pt\/contactos\/#primaryimage"},"thumbnailUrl":"https:\/\/sysadvance.com\/wp-content\/uploads\/2021\/11\/Logo-Sysadvance.svg","datePublished":"2022-01-05T09:12:14+00:00","dateModified":"2025-08-01T08:39:00+00:00","description":"SYSADVANCE is a manufacturer of Oxygen generators PSA and VSA, Nitrogen generators, Biogas purifiers, Helium purifiers.","breadcrumb":{"@id":"https:\/\/sysadvance.com\/pt-pt\/contactos\/#breadcrumb"},"inLanguage":"pt-PT","potentialAction":[{"@type":"ReadAction","target":["https:\/\/sysadvance.com\/pt-pt\/contactos\/"]}]},{"@type":"ImageObject","inLanguage":"pt-PT","@id":"https:\/\/sysadvance.com\/pt-pt\/contactos\/#primaryimage","url":"https:\/\/sysadvance.com\/wp-content\/uploads\/2021\/11\/Logo-Sysadvance.svg","contentUrl":"https:\/\/sysadvance.com\/wp-content\/uploads\/2021\/11\/Logo-Sysadvance.svg"},{"@type":"BreadcrumbList","@id":"https:\/\/sysadvance.com\/pt-pt\/contactos\/#breadcrumb","itemListElement":[{"@type":"ListItem","position":1,"name":"Home","item":"https:\/\/sysadvance.com\/pt-pt\/"},{"@type":"ListItem","position":2,"name":"CONTACTS"}]},{"@type":"WebSite","@id":"https:\/\/sysadvance.com\/pt-pt\/#website","url":"https:\/\/sysadvance.com\/pt-pt\/","name":"Sysadvance","description":"Oxygen, Nitrogen and Nitrogen Generators","publisher":{"@id":"https:\/\/sysadvance.com\/pt-pt\/#organization"},"potentialAction":[{"@type":"SearchAction","target":{"@type":"EntryPoint","urlTemplate":"https:\/\/sysadvance.com\/pt-pt\/?s={search_term_string}"},"query-input":{"@type":"PropertyValueSpecification","valueRequired":true,"valueName":"search_term_string"}}],"inLanguage":"pt-PT"},{"@type":"Organization","@id":"https:\/\/sysadvance.com\/pt-pt\/#organization","name":"Sysadvance","url":"https:\/\/sysadvance.com\/pt-pt\/","logo":{"@type":"ImageObject","inLanguage":"pt-PT","@id":"https:\/\/sysadvance.com\/pt-pt\/#\/schema\/logo\/image\/","url":"https:\/\/sysadvance.com\/wp-content\/uploads\/2021\/11\/Logo-Sysadvance.svg","contentUrl":"https:\/\/sysadvance.com\/wp-content\/uploads\/2021\/11\/Logo-Sysadvance.svg","width":168,"height":70,"caption":"Sysadvance"},"image":{"@id":"https:\/\/sysadvance.com\/pt-pt\/#\/schema\/logo\/image\/"}}]}},"_links":{"self":[{"href":"https:\/\/sysadvance.com\/pt-pt\/wp-json\/wp\/v2\/pages\/8029","targetHints":{"allow":["GET"]}}],"collection":[{"href":"https:\/\/sysadvance.com\/pt-pt\/wp-json\/wp\/v2\/pages"}],"about":[{"href":"https:\/\/sysadvance.com\/pt-pt\/wp-json\/wp\/v2\/types\/page"}],"author":[{"embeddable":true,"href":"https:\/\/sysadvance.com\/pt-pt\/wp-json\/wp\/v2\/users\/2"}],"replies":[{"embeddable":true,"href":"https:\/\/sysadvance.com\/pt-pt\/wp-json\/wp\/v2\/comments?post=8029"}],"version-history":[{"count":56,"href":"https:\/\/sysadvance.com\/pt-pt\/wp-json\/wp\/v2\/pages\/8029\/revisions"}],"predecessor-version":[{"id":17117,"href":"https:\/\/sysadvance.com\/pt-pt\/wp-json\/wp\/v2\/pages\/8029\/revisions\/17117"}],"wp:attachment":[{"href":"https:\/\/sysadvance.com\/pt-pt\/wp-json\/wp\/v2\/media?parent=8029"}],"curies":[{"name":"wp","href":"https:\/\/api.w.org\/{rel}","templated":true}]}}